{"id":1227,"date":"2020-10-09T17:43:22","date_gmt":"2020-10-09T15:43:22","guid":{"rendered":"https:\/\/www.hebamme-viktoria.de\/?page_id=1227"},"modified":"2020-10-12T14:30:26","modified_gmt":"2020-10-12T12:30:26","slug":"naturheilkunde-homoeopathie","status":"publish","type":"page","link":"https:\/\/www.hebamme-viktoria.de\/en\/naturheilkunde-homoeopathie\/","title":{"rendered":"Naturopathy &amp; Homeopathy"},"content":{"rendered":"<div data-elementor-type=\"wp-page\" data-elementor-id=\"1227\" class=\"elementor elementor-1227\">\n\t\t\t\t\t\t<section class=\"elementor-section elementor-top-section elementor-element elementor-element-fc60b54 elementor-section-boxed elementor-section-height-default elementor-section-height-default\" data-id=\"fc60b54\" data-element_type=\"section\" data-e-type=\"section\" data-settings=\"{&quot;background_background&quot;:&quot;classic&quot;}\">\n\t\t\t\t\t\t<div class=\"elementor-container elementor-column-gap-default\">\n\t\t\t\t\t<div class=\"elementor-column elementor-col-100 elementor-top-column elementor-element elementor-element-368de95\" data-id=\"368de95\" data-element_type=\"column\" data-e-type=\"column\">\n\t\t\t<div class=\"elementor-widget-wrap elementor-element-populated\">\n\t\t\t\t\t\t<div class=\"elementor-element elementor-element-412fe11 elementor-widget elementor-widget-heading\" data-id=\"412fe11\" data-element_type=\"widget\" data-e-type=\"widget\" data-widget_type=\"heading.default\">\n\t\t\t\t<div class=\"elementor-widget-container\">\n\t\t\t\t\t<h2 class=\"elementor-heading-title elementor-size-default\">Naturopathy &amp; Homeopathy<\/h2>\t\t\t\t<\/div>\n\t\t\t\t<\/div>\n\t\t\t\t\t<\/div>\n\t\t<\/div>\n\t\t\t\t\t<\/div>\n\t\t<\/section>\n\t\t\t\t<section class=\"elementor-section elementor-top-section elementor-element elementor-element-cacdd33 elementor-section-content-middle elementor-section-boxed elementor-section-height-default elementor-section-height-default\" data-id=\"cacdd33\" data-element_type=\"section\" data-e-type=\"section\" data-settings=\"{&quot;background_background&quot;:&quot;classic&quot;}\">\n\t\t\t\t\t\t\t<div class=\"elementor-background-overlay\"><\/div>\n\t\t\t\t\t\t\t<div class=\"elementor-container elementor-column-gap-default\">\n\t\t\t\t\t<div class=\"elementor-column elementor-col-100 elementor-top-column elementor-element elementor-element-7a7969c\" data-id=\"7a7969c\" data-element_type=\"column\" data-e-type=\"column\" data-settings=\"{&quot;background_background&quot;:&quot;classic&quot;}\">\n\t\t\t<div class=\"elementor-widget-wrap elementor-element-populated\">\n\t\t\t\t\t\t<div class=\"elementor-element elementor-element-2ebe433 elementor-widget elementor-widget-text-editor\" data-id=\"2ebe433\" data-element_type=\"widget\" data-e-type=\"widget\" data-widget_type=\"text-editor.default\">\n\t\t\t\t<div class=\"elementor-widget-container\">\n\t\t\t\t\t\t\t\t\t<p class=\"translation-block\">Many people trust in the effectiveness of naturopathic and <br>homeopathic treatments.<br> The aim is to bring people back into their natural balance.<br> After a detailed conversation, the alternative practitioner chooses the one that <br> most suitable for the individual person from a variety of substances.<\/p>\t\t\t\t\t\t\t\t<\/div>\n\t\t\t\t<\/div>\n\t\t\t\t<div class=\"elementor-element elementor-element-f3ebfde elementor-widget elementor-widget-text-editor\" data-id=\"f3ebfde\" data-element_type=\"widget\" data-e-type=\"widget\" data-widget_type=\"text-editor.default\">\n\t\t\t\t<div class=\"elementor-widget-container\">\n\t\t\t\t\t\t\t\t\t<p>Effect of naturopathy<\/p>\t\t\t\t\t\t\t\t<\/div>\n\t\t\t\t<\/div>\n\t\t\t\t<div class=\"elementor-element elementor-element-24e3ab6 elementor-widget elementor-widget-text-editor\" data-id=\"24e3ab6\" data-element_type=\"widget\" data-e-type=\"widget\" data-widget_type=\"text-editor.default\">\n\t\t\t\t<div class=\"elementor-widget-container\">\n\t\t\t\t\t\t\t\t\t<p class=\"translation-block\">Naturopathy includes many, partly very old healing methods and therapies,<br> such as classical homeopathy, phytotherapy and massages.<br> With these healing methods, many diseases can be influenced positively <br>- for example, blood values can be improved, joint and back pain can be relieved <br>and the psyche can often be brought back into balance in this way.<\/p>\t\t\t\t\t\t\t\t<\/div>\n\t\t\t\t<\/div>\n\t\t\t\t<div class=\"elementor-element elementor-element-5188397 elementor-widget elementor-widget-text-editor\" data-id=\"5188397\" data-element_type=\"widget\" data-e-type=\"widget\" data-widget_type=\"text-editor.default\">\n\t\t\t\t<div class=\"elementor-widget-container\">\n\t\t\t\t\t\t\t\t\t<p>Phytotherapy<\/p>\t\t\t\t\t\t\t\t<\/div>\n\t\t\t\t<\/div>\n\t\t\t\t<div class=\"elementor-element elementor-element-f8d8ba7 elementor-widget elementor-widget-text-editor\" data-id=\"f8d8ba7\" data-element_type=\"widget\" data-e-type=\"widget\" data-widget_type=\"text-editor.default\">\n\t\t\t\t<div class=\"elementor-widget-container\">\n\t\t\t\t\t\t\t\t\t<p class=\"translation-block\">Phytotherapy, also called herbal medicine,<br> is a natural healing method that uses the healing power of plants.<br>  For centuries, phytotherapy has been successfully used in the treatment<br>  of various diseases and has often served as the basis for the development of conventional medicines.<br> \nIf desired, I include phytotherapy in my care in order to offer every woman support<br>  that is individually tailored to her needs.<\/p>\t\t\t\t\t\t\t\t<\/div>\n\t\t\t\t<\/div>\n\t\t\t\t<div class=\"elementor-element elementor-element-faa2ce9 elementor-widget elementor-widget-text-editor\" data-id=\"faa2ce9\" data-element_type=\"widget\" data-e-type=\"widget\" data-widget_type=\"text-editor.default\">\n\t\t\t\t<div class=\"elementor-widget-container\">\n\t\t\t\t\t\t\t\t\t<p>Bach Flowers and Flower Essence Therapy<\/p>\t\t\t\t\t\t\t\t<\/div>\n\t\t\t\t<\/div>\n\t\t\t\t<div class=\"elementor-element elementor-element-02c583a elementor-widget elementor-widget-text-editor\" data-id=\"02c583a\" data-element_type=\"widget\" data-e-type=\"widget\" data-widget_type=\"text-editor.default\">\n\t\t\t\t<div class=\"elementor-widget-container\">\n\t\t\t\t\t\t\t\t\t<p class=\"translation-block\">The Bach Flower or Flower Essence Therapy is<br> probably known to many - it is a gentle and holistic healing method to maintain or regain health.<br>\nToday's time and our unhealthy way of life often overtaxes us<br> physically and mentally and causes more and more often an imbalance, <br>which can be the cause for different complaints. <br>One should not resign oneself to these, but actively look for solutions. <br>With the help of flower essences, for example, the detoxification of<br> the body can be accelerated or the metabolism can be stimulated. <br>These treatments are also very well suited for children to help them lead a balanced and happy life.<br>\nWith the Bach Flower Treatment developed by Dr. Edward Bach <br>and its special healing power, I offer you a gentle method<br> of healing and feeling well in a natural way.<\/p>\t\t\t\t\t\t\t\t<\/div>\n\t\t\t\t<\/div>\n\t\t\t\t<div class=\"elementor-element elementor-element-496d9a4 elementor-widget elementor-widget-text-editor\" data-id=\"496d9a4\" data-element_type=\"widget\" data-e-type=\"widget\" data-widget_type=\"text-editor.default\">\n\t\t\t\t<div class=\"elementor-widget-container\">\n\t\t\t\t\t\t\t\t\t<p>Homeopathy<\/p>\t\t\t\t\t\t\t\t<\/div>\n\t\t\t\t<\/div>\n\t\t\t\t<div class=\"elementor-element elementor-element-05ab094 elementor-widget elementor-widget-text-editor\" data-id=\"05ab094\" data-element_type=\"widget\" data-e-type=\"widget\" data-widget_type=\"text-editor.default\">\n\t\t\t\t<div class=\"elementor-widget-container\">\n\t\t\t\t\t\t\t\t\t<p class=\"translation-block\">The goal of classical homeopathy is to find<br> a remedy that is right for the WHOLE person.<br>\nThus, a remedy is not simply prescribed for a single symptom <br>- rather, the entirety of the person, consisting of body, soul and spirit, is considered.<br> With the help of the right remedy, the balance between these<br> three components can be restored, thus alleviating symptoms that are the expression of an imbalance.<br>\nHomeopathy can be very helpful both for<br> chronic diseases and for acute complaints. In addition, these gentle healing methods can often stabilize the psyche and soul.<br>\nOn request, I will be happy to advise you on my range of naturopathic and homeopathic treatments <br>and their costs (please note that these services must be paid for privately).<\/p>\t\t\t\t\t\t\t\t<\/div>\n\t\t\t\t<\/div>\n\t\t\t\t<div class=\"elementor-element elementor-element-b82a947 elementor-widget elementor-widget-text-editor\" data-id=\"b82a947\" data-element_type=\"widget\" data-e-type=\"widget\" data-widget_type=\"text-editor.default\">\n\t\t\t\t<div class=\"elementor-widget-container\">\n\t\t\t\t\t\t\t\t\t<p>Homeopathy for children<\/p>\t\t\t\t\t\t\t\t<\/div>\n\t\t\t\t<\/div>\n\t\t\t\t<div class=\"elementor-element elementor-element-19f5f77 elementor-widget elementor-widget-text-editor\" data-id=\"19f5f77\" data-element_type=\"widget\" data-e-type=\"widget\" data-widget_type=\"text-editor.default\">\n\t\t\t\t<div class=\"elementor-widget-container\">\n\t\t\t\t\t\t\t\t\t<p class=\"translation-block\">During my 2.5 hour evening course I will teach you the basics for the<br> homeopathic treatment of your child.<br> You will learn what you can do yourself in case of \"minor ailments\", such as injuries, colds and<br> fever, to provide relief for your child.<br>\nThe course takes place with a minimum of 6 participants.<br>\nThe fee for the course is: 60,- EUR per person.<\/p>\t\t\t\t\t\t\t\t<\/div>\n\t\t\t\t<\/div>\n\t\t\t\t\t<\/div>\n\t\t<\/div>\n\t\t\t\t\t<\/div>\n\t\t<\/section>\n\t\t\t\t<\/div>","protected":false},"excerpt":{"rendered":"<p>Naturheilkunde &#038; Hom\u00f6opathie Viele Menschen vertrauen auf die Wirksamkeit von naturheilkundlichen und hom\u00f6opathischen Behandlungen. Ziel ist es hierbei, den Menschen wieder in sein nat\u00fcrliches Gleichgewicht zu bringen. Nach einem ausf\u00fchrlichen Gespr\u00e4ch w\u00e4hlt der Heilpraktiker aus einer Vielzahl an Stoffen den f\u00fcr die jeweilige Person individuell passenden. Wirkungsweise der Naturheilkunde Die Naturheilkunde beinhaltet viele, zum Teil [&hellip;]<\/p>\n","protected":false},"author":2,"featured_media":0,"parent":0,"menu_order":0,"comment_status":"closed","ping_status":"closed","template":"","meta":{"ocean_post_layout":"full-screen","ocean_both_sidebars_style":"","ocean_both_sidebars_content_width":0,"ocean_both_sidebars_sidebars_width":0,"ocean_sidebar":"0","ocean_second_sidebar":"0","ocean_disable_margins":"enable","ocean_add_body_class":"","ocean_shortcode_before_top_bar":"","ocean_shortcode_after_top_bar":"","ocean_shortcode_before_header":"","ocean_shortcode_after_header":"","ocean_has_shortcode":"","ocean_shortcode_after_title":"","ocean_shortcode_before_footer_widgets":"","ocean_shortcode_after_footer_widgets":"","ocean_shortcode_before_footer_bottom":"","ocean_shortcode_after_footer_bottom":"","ocean_display_top_bar":"default","ocean_display_header":"default","ocean_header_style":"","ocean_center_header_left_menu":"0","ocean_custom_header_template":"0","ocean_custom_logo":0,"ocean_custom_retina_logo":0,"ocean_custom_logo_max_width":0,"ocean_custom_logo_tablet_max_width":0,"ocean_custom_logo_mobile_max_width":0,"ocean_custom_logo_max_height":0,"ocean_custom_logo_tablet_max_height":0,"ocean_custom_logo_mobile_max_height":0,"ocean_header_custom_menu":"0","ocean_menu_typo_font_family":"0","ocean_menu_typo_font_subset":"","ocean_menu_typo_font_size":0,"ocean_menu_typo_font_size_tablet":0,"ocean_menu_typo_font_size_mobile":0,"ocean_menu_typo_font_size_unit":"px","ocean_menu_typo_font_weight":"","ocean_menu_typo_font_weight_tablet":"","ocean_menu_typo_font_weight_mobile":"","ocean_menu_typo_transform":"","ocean_menu_typo_transform_tablet":"","ocean_menu_typo_transform_mobile":"","ocean_menu_typo_line_height":0,"ocean_menu_typo_line_height_tablet":0,"ocean_menu_typo_line_height_mobile":0,"ocean_menu_typo_line_height_unit":"","ocean_menu_typo_spacing":0,"ocean_menu_typo_spacing_tablet":0,"ocean_menu_typo_spacing_mobile":0,"ocean_menu_typo_spacing_unit":"","ocean_menu_link_color":"","ocean_menu_link_color_hover":"","ocean_menu_link_color_active":"","ocean_menu_link_background":"","ocean_menu_link_hover_background":"","ocean_menu_link_active_background":"","ocean_menu_social_links_bg":"","ocean_menu_social_hover_links_bg":"","ocean_menu_social_links_color":"","ocean_menu_social_hover_links_color":"","ocean_disable_title":"on","ocean_disable_heading":"default","ocean_post_title":"","ocean_post_subheading":"","ocean_post_title_style":"","ocean_post_title_background_color":"","ocean_post_title_background":0,"ocean_post_title_bg_image_position":"","ocean_post_title_bg_image_attachment":"","ocean_post_title_bg_image_repeat":"","ocean_post_title_bg_image_size":"","ocean_post_title_height":0,"ocean_post_title_bg_overlay":0.5,"ocean_post_title_bg_overlay_color":"","ocean_disable_breadcrumbs":"default","ocean_breadcrumbs_color":"","ocean_breadcrumbs_separator_color":"","ocean_breadcrumbs_links_color":"","ocean_breadcrumbs_links_hover_color":"","ocean_display_footer_widgets":"default","ocean_display_footer_bottom":"default","ocean_custom_footer_template":"0","footnotes":""},"class_list":["post-1227","page","type-page","status-publish","hentry","entry"],"_links":{"self":[{"href":"https:\/\/www.hebamme-viktoria.de\/en\/wp-json\/wp\/v2\/pages\/1227","targetHints":{"allow":["GET"]}}],"collection":[{"href":"https:\/\/www.hebamme-viktoria.de\/en\/wp-json\/wp\/v2\/pages"}],"about":[{"href":"https:\/\/www.hebamme-viktoria.de\/en\/wp-json\/wp\/v2\/types\/page"}],"author":[{"embeddable":true,"href":"https:\/\/www.hebamme-viktoria.de\/en\/wp-json\/wp\/v2\/users\/2"}],"replies":[{"embeddable":true,"href":"https:\/\/www.hebamme-viktoria.de\/en\/wp-json\/wp\/v2\/comments?post=1227"}],"version-history":[{"count":9,"href":"https:\/\/www.hebamme-viktoria.de\/en\/wp-json\/wp\/v2\/pages\/1227\/revisions"}],"predecessor-version":[{"id":1476,"href":"https:\/\/www.hebamme-viktoria.de\/en\/wp-json\/wp\/v2\/pages\/1227\/revisions\/1476"}],"wp:attachment":[{"href":"https:\/\/www.hebamme-viktoria.de\/en\/wp-json\/wp\/v2\/media?parent=1227"}],"curies":[{"name":"wp","href":"https:\/\/api.w.org\/{rel}","templated":true}]}}