{"id":1048,"date":"2020-10-08T23:10:10","date_gmt":"2020-10-08T21:10:10","guid":{"rendered":"https:\/\/www.hebamme-viktoria.de\/?page_id=1048"},"modified":"2020-10-12T13:28:36","modified_gmt":"2020-10-12T11:28:36","slug":"impressum-2","status":"publish","type":"page","link":"https:\/\/www.hebamme-viktoria.de\/en\/impressum-2\/","title":{"rendered":"Impressum"},"content":{"rendered":"<div data-elementor-type=\"wp-page\" data-elementor-id=\"1048\" class=\"elementor elementor-1048\">\n\t\t\t\t\t\t<section class=\"elementor-section elementor-top-section elementor-element elementor-element-a0a560e elementor-section-boxed elementor-section-height-default elementor-section-height-default\" data-id=\"a0a560e\" data-element_type=\"section\" data-e-type=\"section\" data-settings=\"{&quot;background_background&quot;:&quot;classic&quot;}\">\n\t\t\t\t\t\t<div class=\"elementor-container elementor-column-gap-default\">\n\t\t\t\t\t<div class=\"elementor-column elementor-col-100 elementor-top-column elementor-element elementor-element-9022507\" data-id=\"9022507\" data-element_type=\"column\" data-e-type=\"column\">\n\t\t\t<div class=\"elementor-widget-wrap elementor-element-populated\">\n\t\t\t\t\t\t<div class=\"elementor-element elementor-element-696d3eb elementor-widget elementor-widget-heading\" data-id=\"696d3eb\" data-element_type=\"widget\" data-e-type=\"widget\" data-widget_type=\"heading.default\">\n\t\t\t\t<div class=\"elementor-widget-container\">\n\t\t\t\t\t<h2 class=\"elementor-heading-title elementor-size-default\">Impressum<\/h2>\t\t\t\t<\/div>\n\t\t\t\t<\/div>\n\t\t\t\t\t<\/div>\n\t\t<\/div>\n\t\t\t\t\t<\/div>\n\t\t<\/section>\n\t\t\t\t<section class=\"elementor-section elementor-top-section elementor-element elementor-element-79ac0cb elementor-section-boxed elementor-section-height-default elementor-section-height-default\" data-id=\"79ac0cb\" data-element_type=\"section\" data-e-type=\"section\" data-settings=\"{&quot;background_background&quot;:&quot;gradient&quot;}\">\n\t\t\t\t\t\t<div class=\"elementor-container elementor-column-gap-no\">\n\t\t\t\t\t<div class=\"elementor-column elementor-col-100 elementor-top-column elementor-element elementor-element-b910faa\" data-id=\"b910faa\" data-element_type=\"column\" data-e-type=\"column\">\n\t\t\t<div class=\"elementor-widget-wrap elementor-element-populated\">\n\t\t\t\t\t\t<div class=\"elementor-element elementor-element-f18f4f8 elementor-widget elementor-widget-text-editor\" data-id=\"f18f4f8\" data-element_type=\"widget\" data-e-type=\"widget\" data-widget_type=\"text-editor.default\">\n\t\t\t\t<div class=\"elementor-widget-container\">\n\t\t\t\t\t\t\t\t\t<p><div style=\"word-wrap: break-word;\"><h1>Impressum<\/h1>\r\n\r\n<h2>Angaben gem\u00e4\u00df \u00a7 5 TMG<\/h2>\r\n<p>Viktoria Nickel<br \/>\r\nHebamme<br \/>\r\nCesar-Klein-Ring 32<br \/>\r\n22309 Hamburg<\/p>\r\n\r\n<h2>Contact<\/h2>\r\n<p>Telefon: 01711421161<br \/>\r\nE-Mail: info@hebamme-viktoria.de<\/p>\r\n\r\n<h2>Aufsichtsbeh\u00f6rde<\/h2>\r\n<p>Gesundheitsamt Hamburg-Eppendorf<br \/>\r\nEppendorfer Landstra\u00dfe 59<br \/>\r\n20249 Hamburg<\/p>\r\n<p><a href=\"https:\/\/www.hamburg.de\/behoerdenfinder\/hamburg\/11261231\/\" target=\"_blank\" rel=\"noopener noreferrer\">https:\/\/www.hamburg.de\/behoerdenfinder\/hamburg\/11261231\/<\/a><\/p>\r\n\r\n<h2>Berufsbezeichnung und berufsrechtliche Regelungen<\/h2>\r\n<p>Berufsbezeichnung: Hebamme &#038; Heilpraktikerin<br \/>\r\nZust\u00e4ndige Kammer: <br \/>\r\nVerliehen in: Deutschland<br \/>\r\nEs gelten folgende berufsrechtliche Regelungen: Hebammengesetz &#038; Heilpraktikergesetz<br \/>\r\n Regelungen einsehbar unter: <a href=\"http:\/\/www.hebammengesetz.de\" target=\"_blank\" rel=\"noopener noreferrer\">http:\/\/www.hebammengesetz.de<\/a><\/p>\r\n\r\n<h2>Angaben zur Berufshaftpflichtversicherung<\/h2>\r\n<p><strong>Name und Sitz des Versicherers:<\/strong><br \/>\r\nDie Continentale<br \/>\r\nRuhrallee 92<br \/>\r\n44139 Dortmund<\/p>\r\n<p><strong>Geltungsraum der Versicherung:<\/strong><br \/>Deutschland<\/p>\r\n\r\n<h2>Verantwortlich f\u00fcr den Inhalt nach \u00a7 55 Abs. 2 RStV<\/h2>\r\n<p>Viktoria Nickel<br \/>\r\nHeidberg 5<br \/>\r\n22301 Hamburg<\/p>\r\n\r\n<h2>EU-Streitschlichtung<\/h2>\r\n<p>Die Europ\u00e4ische Kommission stellt eine Plattform zur Online-Streitbeilegung (OS) bereit: <a href=\"https:\/\/ec.europa.eu\/consumers\/odr\" target=\"_blank\" rel=\"noopener noreferrer\">https:\/\/ec.europa.eu\/consumers\/odr<\/a>.<br \/> Unsere E-Mail-Adresse finden Sie oben im Impressum.<\/p>\r\n\r\n<h2>Verbraucher\u00adstreit\u00adbeilegung\/Universal\u00adschlichtungs\u00adstelle<\/h2>\r\n<p>Wir nehmen an einem Streitbeilegungsverfahren vor einer Verbraucherschlichtungsstelle teil. Zust\u00e4ndig ist die Universalschlichtungsstelle des Zentrums f\u00fcr Schlichtung e.V., Stra\u00dfburger Stra\u00dfe 8, 77694 Kehl am Rhein (<a href=\"https:\/\/www.verbraucher-schlichter.de\" rel=\"noopener noreferrer\" target=\"_blank\">https:\/\/www.verbraucher-schlichter.de<\/a>).<\/p>\r\n\r\n<h3>Haftung f\u00fcr Inhalte<\/h3> <p>Als Diensteanbieter sind wir gem\u00e4\u00df \u00a7 7 Abs.1 TMG f\u00fcr eigene Inhalte auf diesen Seiten nach den allgemeinen Gesetzen verantwortlich. Nach \u00a7\u00a7 8 bis 10 TMG sind wir als Diensteanbieter jedoch nicht verpflichtet, \u00fcbermittelte oder gespeicherte fremde Informationen zu \u00fcberwachen oder nach Umst\u00e4nden zu forschen, die auf eine rechtswidrige T\u00e4tigkeit hinweisen.<\/p> <p>Verpflichtungen zur Entfernung oder Sperrung der Nutzung von Informationen nach den allgemeinen Gesetzen bleiben hiervon unber\u00fchrt. Eine diesbez\u00fcgliche Haftung ist jedoch erst ab dem Zeitpunkt der Kenntnis einer konkreten Rechtsverletzung m\u00f6glich. Bei Bekanntwerden von entsprechenden Rechtsverletzungen werden wir diese Inhalte umgehend entfernen.<\/p> <h3>Haftung f\u00fcr Links<\/h3> <p>Unser Angebot enth\u00e4lt Links zu externen Websites Dritter, auf deren Inhalte wir keinen Einfluss haben. Deshalb k\u00f6nnen wir f\u00fcr diese fremden Inhalte auch keine Gew\u00e4hr \u00fcbernehmen. F\u00fcr die Inhalte der verlinkten Seiten ist stets der jeweilige Anbieter oder Betreiber der Seiten verantwortlich. Die verlinkten Seiten wurden zum Zeitpunkt der Verlinkung auf m\u00f6gliche Rechtsverst\u00f6\u00dfe \u00fcberpr\u00fcft. Rechtswidrige Inhalte waren zum Zeitpunkt der Verlinkung nicht erkennbar.<\/p> <p>Eine permanente inhaltliche Kontrolle der verlinkten Seiten ist jedoch ohne konkrete Anhaltspunkte einer Rechtsverletzung nicht zumutbar. Bei Bekanntwerden von Rechtsverletzungen werden wir derartige Links umgehend entfernen.<\/p> <h3>Urheberrecht<\/h3> <p>Die durch die Seitenbetreiber erstellten Inhalte und Werke auf diesen Seiten unterliegen dem deutschen Urheberrecht. Die Vervielf\u00e4ltigung, Bearbeitung, Verbreitung und jede Art der Verwertung au\u00dferhalb der Grenzen des Urheberrechtes bed\u00fcrfen der schriftlichen Zustimmung des jeweiligen Autors bzw. Erstellers. Downloads und Kopien dieser Seite sind nur f\u00fcr den privaten, nicht kommerziellen Gebrauch gestattet.<\/p> <p>Soweit die Inhalte auf dieser Seite nicht vom Betreiber erstellt wurden, werden die Urheberrechte Dritter beachtet. Insbesondere werden Inhalte Dritter als solche gekennzeichnet. Sollten Sie trotzdem auf eine Urheberrechtsverletzung aufmerksam werden, bitten wir um einen entsprechenden Hinweis. Bei Bekanntwerden von Rechtsverletzungen werden wir derartige Inhalte umgehend entfernen.<\/p>\r\n\r\n<\/div><\/p><p>\u00a0<\/p>\t\t\t\t\t\t\t\t<\/div>\n\t\t\t\t<\/div>\n\t\t\t\t<div class=\"elementor-element elementor-element-68d9bce elementor-widget elementor-widget-text-editor\" data-id=\"68d9bce\" data-element_type=\"widget\" data-e-type=\"widget\" data-widget_type=\"text-editor.default\">\n\t\t\t\t<div class=\"elementor-widget-container\">\n\t\t\t\t\t\t\t\t\t<p>Fotos:<br \/>pexels-makemorelove-4923261, pexels-pixabay-326545, pexels-pixabay-451853<br \/>pexels-rene-asmussen-325690, pexels-tubarones-photography-3704379,\u00a0<br \/>pexels-andreas-wohlfahrt-2456327, pexels-alexander-krivitskiy-2083068<br \/>pexels-karolina-grabowska-4041392, pexels-pixabay-47219<\/p>\t\t\t\t\t\t\t\t<\/div>\n\t\t\t\t<\/div>\n\t\t\t\t\t<\/div>\n\t\t<\/div>\n\t\t\t\t\t<\/div>\n\t\t<\/section>\n\t\t\t\t<section class=\"elementor-section elementor-top-section elementor-element elementor-element-9e93019 elementor-section-height-min-height elementor-section-items-stretch elementor-section-content-middle elementor-section-boxed elementor-section-height-default\" data-id=\"9e93019\" data-element_type=\"section\" data-e-type=\"section\" data-settings=\"{&quot;background_background&quot;:&quot;gradient&quot;}\">\n\t\t\t\t\t\t<div class=\"elementor-container elementor-column-gap-default\">\n\t\t\t\t\t<div class=\"elementor-column elementor-col-100 elementor-top-column elementor-element elementor-element-8bf7c1d\" data-id=\"8bf7c1d\" data-element_type=\"column\" data-e-type=\"column\" data-settings=\"{&quot;background_background&quot;:&quot;gradient&quot;}\">\n\t\t\t<div class=\"elementor-widget-wrap elementor-element-populated\">\n\t\t\t\t\t\t<div class=\"elementor-element elementor-element-a7919eb elementor-widget elementor-widget-text-editor\" data-id=\"a7919eb\" data-element_type=\"widget\" data-e-type=\"widget\" data-widget_type=\"text-editor.default\">\n\t\t\t\t<div class=\"elementor-widget-container\">\n\t\t\t\t\t\t\t\t\t<p><div style=\"word-wrap: break-word;\"><h1>Site Notice<\/h1>\r\n\r\n<h2>Information pursuant to Sect. 5 German Telemedia Act (TMG)<\/h2>\r\n<p>Viktoria Nickel<br \/>\r\nHebamme<br \/>\r\nCesar-Klein-Ring 32<br \/>\r\n22309 Hamburg<\/p>\r\n\r\n<h2>Contact<\/h2>\r\n<p>Phone: 01711421161<br \/>\r\nE-mail: info@hebamme-viktoria.de<\/p>\r\n\r\n<h2>Supervisory authority<\/h2>\r\n<p>Gesundheitsamt Hamburg-Eppendorf<br \/>\r\nEppendorfer Landstra\u00dfe 59<br \/>\r\n20249 Hamburg<\/p>\r\n<p><a href=\"https:\/\/www.hamburg.de\/behoerdenfinder\/hamburg\/11261231\/\" target=\"_blank\" rel=\"noopener\">https:\/\/www.hamburg.de\/behoerdenfinder\/hamburg\/11261231\/<\/a><\/p>\r\n\r\n<h2>Job title and professional regulations<\/h2>\r\n<p>Job title: Hebamme &#038; Heilpraktikerin<br \/>\r\nCompetent chamber: <br \/>\r\nAuthorisation granted in: Deutschland<br \/>\r\nThe following professional regulations apply: Hebammengesetz &#038; Heilpraktikergesetz<br \/>\r\n Regulations available at: <a href=\"http:\/\/www.hebammengesetz.de\" target=\"_blank\" rel=\"noopener\">http:\/\/www.hebammengesetz.de<\/a><\/p>\r\n\r\n<h2>Information regarding professional liability insurance<\/h2>\r\n<p><strong>Name and registered office of the insurer:<\/strong><br \/>\r\nDie Continentale<br \/>\r\nRuhrallee 92<br \/>\r\n44139 Dortmund<\/p>\r\n<p><strong>Scope of insurance:<\/strong><br \/>Deutschland<\/p>\r\n\r\n<h2>Responsible for the content according to Sect. 55, paragraph 2 RStV<\/h2>\r\n<p>Viktoria Nickel<br \/>\r\nHeidberg 5<br \/>\r\n22301 Hamburg<\/p>\r\n\r\n<h2>EU dispute resolution<\/h2>\r\n<p>The European Commission provides a platform for online dispute resolution (ODR): <a href=\"https:\/\/ec.europa.eu\/consumers\/odr\" target=\"_blank\" rel=\"noopener noreferrer\">https:\/\/ec.europa.eu\/consumers\/odr<\/a>.<br \/> Our e-mail address can be found above in the site notice.<\/p>\r\n\r\n<h2>Dispute resolution proceedings in front of a consumer arbitration board<\/h2>\r\n<p>We participate in a dispute settlement procedure before a consumer arbitration board. The competent consumer arbitration board is Zentrum f\u00fcr Schlichtung e.V., Stra\u00dfburger Stra\u00dfe 8, 77694 Kehl am Rhein (<a href=\"https:\/\/www.verbraucher-schlichter.de\" rel=\"noopener noreferrer\" target=\"_blank\">https:\/\/www.verbraucher-schlichter.de<\/a>).<\/p>\r\n\r\n<h3>Liability for Contents<\/h3> <p>As service providers, we are liable for own contents of these websites according to Paragraph 7, Sect. 1 German Telemedia Act (TMG). However, according to Paragraphs 8 to 10 German Telemedia Act (TMG), service providers are not obligated to permanently monitor submitted or stored information or to search for evidences that indicate illegal activities.<\/p> <p>Legal obligations to removing information or to blocking the use of information remain unchallenged. In this case, liability is only possible at the time of knowledge about a specific violation of law. Illegal contents will be removed immediately at the time we get knowledge of them.<\/p> <h3>Liability for Links<\/h3> <p>Our offer includes links to external third-party websites. We have no influence on the contents of those websites, therefore we cannot guarantee for those contents. Providers or administrators of linked websites are always responsible for their own contents.<\/p> <p>The linked websites had been checked for possible violations of law at the time of the establishment of the link. Illegal contents were not detected at the time of the linking. A permanent monitoring of the contents of linked websites cannot be imposed without reasonable indications that there has been a violation of law. Illegal links will be removed immediately at the time we get knowledge of them.<\/p> <h3>Copyright<\/h3> <p>Contents and compilations published on these websites by the providers are subject to German copyright laws. Reproduction, editing, distribution as well as the use of any kind outside the scope of the copyright law require a written permission of the author or originator. Downloads and copies of these websites are permitted for private use only.<br \/> The commercial use of our contents without permission of the originator is prohibited.<\/p> <p>Copyright laws of third parties are respected as long as the contents on these websites do not originate from the provider. Contributions of third parties on this site are indicated as such. However, if you notice any violations of copyright law, please inform us. Such contents will be removed immediately.<\/p>\r\n\r\n<\/div><\/p>\t\t\t\t\t\t\t\t<\/div>\n\t\t\t\t<\/div>\n\t\t\t\t\t<\/div>\n\t\t<\/div>\n\t\t\t\t\t<\/div>\n\t\t<\/section>\n\t\t\t\t<\/div>","protected":false},"excerpt":{"rendered":"<p>Impressum \u00a0 Fotos:pexels-makemorelove-4923261, pexels-pixabay-326545, pexels-pixabay-451853pexels-rene-asmussen-325690, pexels-tubarones-photography-3704379,\u00a0pexels-andreas-wohlfahrt-2456327, pexels-alexander-krivitskiy-2083068pexels-karolina-grabowska-4041392, pexels-pixabay-47219<\/p>","protected":false},"author":2,"featured_media":0,"parent":0,"menu_order":0,"comment_status":"closed","ping_status":"closed","template":"","meta":{"ocean_post_layout":"full-screen","ocean_both_sidebars_style":"","ocean_both_sidebars_content_width":0,"ocean_both_sidebars_sidebars_width":0,"ocean_sidebar":"0","ocean_second_sidebar":"0","ocean_disable_margins":"enable","ocean_add_body_class":"","ocean_shortcode_before_top_bar":"","ocean_shortcode_after_top_bar":"","ocean_shortcode_before_header":"","ocean_shortcode_after_header":"","ocean_has_shortcode":"","ocean_shortcode_after_title":"","ocean_shortcode_before_footer_widgets":"","ocean_shortcode_after_footer_widgets":"","ocean_shortcode_before_footer_bottom":"","ocean_shortcode_after_footer_bottom":"","ocean_display_top_bar":"default","ocean_display_header":"default","ocean_header_style":"","ocean_center_header_left_menu":"0","ocean_custom_header_template":"0","ocean_custom_logo":0,"ocean_custom_retina_logo":0,"ocean_custom_logo_max_width":0,"ocean_custom_logo_tablet_max_width":0,"ocean_custom_logo_mobile_max_width":0,"ocean_custom_logo_max_height":0,"ocean_custom_logo_tablet_max_height":0,"ocean_custom_logo_mobile_max_height":0,"ocean_header_custom_menu":"0","ocean_menu_typo_font_family":"0","ocean_menu_typo_font_subset":"","ocean_menu_typo_font_size":0,"ocean_menu_typo_font_size_tablet":0,"ocean_menu_typo_font_size_mobile":0,"ocean_menu_typo_font_size_unit":"px","ocean_menu_typo_font_weight":"","ocean_menu_typo_font_weight_tablet":"","ocean_menu_typo_font_weight_mobile":"","ocean_menu_typo_transform":"","ocean_menu_typo_transform_tablet":"","ocean_menu_typo_transform_mobile":"","ocean_menu_typo_line_height":0,"ocean_menu_typo_line_height_tablet":0,"ocean_menu_typo_line_height_mobile":0,"ocean_menu_typo_line_height_unit":"","ocean_menu_typo_spacing":0,"ocean_menu_typo_spacing_tablet":0,"ocean_menu_typo_spacing_mobile":0,"ocean_menu_typo_spacing_unit":"","ocean_menu_link_color":"","ocean_menu_link_color_hover":"","ocean_menu_link_color_active":"","ocean_menu_link_background":"","ocean_menu_link_hover_background":"","ocean_menu_link_active_background":"","ocean_menu_social_links_bg":"","ocean_menu_social_hover_links_bg":"","ocean_menu_social_links_color":"","ocean_menu_social_hover_links_color":"","ocean_disable_title":"on","ocean_disable_heading":"default","ocean_post_title":"","ocean_post_subheading":"","ocean_post_title_style":"","ocean_post_title_background_color":"","ocean_post_title_background":0,"ocean_post_title_bg_image_position":"","ocean_post_title_bg_image_attachment":"","ocean_post_title_bg_image_repeat":"","ocean_post_title_bg_image_size":"","ocean_post_title_height":0,"ocean_post_title_bg_overlay":0.5,"ocean_post_title_bg_overlay_color":"","ocean_disable_breadcrumbs":"default","ocean_breadcrumbs_color":"","ocean_breadcrumbs_separator_color":"","ocean_breadcrumbs_links_color":"","ocean_breadcrumbs_links_hover_color":"","ocean_display_footer_widgets":"default","ocean_display_footer_bottom":"default","ocean_custom_footer_template":"0","footnotes":""},"class_list":["post-1048","page","type-page","status-publish","hentry","entry"],"_links":{"self":[{"href":"https:\/\/www.hebamme-viktoria.de\/en\/wp-json\/wp\/v2\/pages\/1048","targetHints":{"allow":["GET"]}}],"collection":[{"href":"https:\/\/www.hebamme-viktoria.de\/en\/wp-json\/wp\/v2\/pages"}],"about":[{"href":"https:\/\/www.hebamme-viktoria.de\/en\/wp-json\/wp\/v2\/types\/page"}],"author":[{"embeddable":true,"href":"https:\/\/www.hebamme-viktoria.de\/en\/wp-json\/wp\/v2\/users\/2"}],"replies":[{"embeddable":true,"href":"https:\/\/www.hebamme-viktoria.de\/en\/wp-json\/wp\/v2\/comments?post=1048"}],"version-history":[{"count":5,"href":"https:\/\/www.hebamme-viktoria.de\/en\/wp-json\/wp\/v2\/pages\/1048\/revisions"}],"predecessor-version":[{"id":1460,"href":"https:\/\/www.hebamme-viktoria.de\/en\/wp-json\/wp\/v2\/pages\/1048\/revisions\/1460"}],"wp:attachment":[{"href":"https:\/\/www.hebamme-viktoria.de\/en\/wp-json\/wp\/v2\/media?parent=1048"}],"curies":[{"name":"wp","href":"https:\/\/api.w.org\/{rel}","templated":true}]}}